{"id":101,"date":"2020-01-26T21:13:14","date_gmt":"2020-01-26T20:13:14","guid":{"rendered":"http:\/\/cdgerion.de\/?page_id=101"},"modified":"2024-02-10T15:24:16","modified_gmt":"2024-02-10T14:24:16","slug":"das-buch-der-buecher","status":"publish","type":"page","link":"https:\/\/cdgerion.de\/?page_id=101","title":{"rendered":"Adib"},"content":{"rendered":"\n<div class=\"wp-block-media-text alignwide\" style=\"grid-template-columns:15% auto\"><figure class=\"wp-block-media-text__media\"><img loading=\"lazy\" decoding=\"async\" width=\"688\" height=\"1024\" src=\"https:\/\/cdgerion.de\/wp-content\/uploads\/2021\/09\/Cover-688x1024.jpg\" alt=\"\" class=\"wp-image-230 size-full\" srcset=\"https:\/\/cdgerion.de\/wp-content\/uploads\/2021\/09\/Cover-688x1024.jpg 688w, https:\/\/cdgerion.de\/wp-content\/uploads\/2021\/09\/Cover-201x300.jpg 201w, https:\/\/cdgerion.de\/wp-content\/uploads\/2021\/09\/Cover-768x1144.jpg 768w, https:\/\/cdgerion.de\/wp-content\/uploads\/2021\/09\/Cover-1031x1536.jpg 1031w, https:\/\/cdgerion.de\/wp-content\/uploads\/2021\/09\/Cover-1375x2048.jpg 1375w, https:\/\/cdgerion.de\/wp-content\/uploads\/2021\/09\/Cover.jpg 1713w\" sizes=\"auto, (max-width: 688px) 100vw, 688px\" \/><\/figure><div class=\"wp-block-media-text__content\">\n<p class=\"has-medium-font-size\">C.D. Gerion, Adib <\/p>\n\n\n\n<p class=\"has-medium-font-size\">Roman<\/p>\n\n\n\n<p>548 Seiten<\/p>\n\n\n\n<p>Verlag tredition, Hamburg 2021<\/p>\n\n\n\n<p class=\"has-small-font-size\"><\/p>\n\n\n\n<p class=\"has-small-font-size\">ISBN:  <\/p>\n\n\n\n<p class=\"has-small-font-size\">978-3-347-39783-5 (Paperback), 16,99 EUR<\/p>\n\n\n\n<p class=\"has-small-font-size\">978-3-347-39784-2 (Hardcover),  25,99 EUR<\/p>\n\n\n\n<p class=\"has-small-font-size\">978-3-347-39785-9 (E-Book),  5,99 EUR<\/p>\n\n\n\n<p class=\"has-small-font-size\"><strong>Zu beziehen im tredition-Shop <a href=\"https:\/\/shop.tredition.com\">https:\/\/shop.tredition.com<\/a> sowie im station\u00e4ren und Online-Buchhandel <\/strong><\/p>\n<\/div><\/div>\n\n\n\n<p><\/p>\n\n\n\n<p>Der f\u00fcnfzehnj\u00e4hrige Adib aus Kabul, Afghanistan, auf die Stra\u00dfe gesetzt von der eigenen Familie, auf der Flucht vor Taliban und Sicherheitskr\u00e4ften zugleich, schl\u00e4gt sich durch bis nach Deutschland und k\u00e4mpft verzweifelt darum, hier endg\u00fcltig anzukommen. Seine deutschen Pflegeeltern setzen alles daran,  ihm zu helfen, m\u00fcssen aber bald erkennen, dass sich so eine Vergangenheit nicht einfach abstreifen l\u00e4sst. Unversehens sind sie in ein gef\u00e4hrliches Abenteuer verstrickt, dessen Ausgang h\u00f6chst ungewiss ist.<\/p>\n\n\n\n<p>Ein Geschichte vom Fliehen, vom Ankommen und von der Unm\u00f6glichkeit, die eigene Vergangenheit zu verdr\u00e4ngen. Nicht zuletzt auch eine Geschichte von Freundschaft und Liebe, Trennung und Verlust. Eine Geschichte, in der Poesie und Grausamkeit dicht beieinanderliegen.<\/p>\n\n\n\n<p>Ein spannendes und gleich in mehrfacher Hinsicht horizonterweiterndes Leseerlebnis.<\/p>\n\n\n\n<p><strong>Lesermeinungen<\/strong> (Amazon Books)<\/p>\n\n\n\n<p>&#8222;Ich hatte gro\u00dfe Erwartungen an dieses Buch und wurde nicht entt\u00e4uscht &#8230; Durch die sehr fesselnde Erz\u00e4hlweise des Autors wurde ich f\u00f6rmlich in die Geschichte hineingezogen &#8230; Ich habe mitgelitten, mitgebangt und mitgef\u00fchlt &#8230; Der Autor hat hier ein wirklich lesenswertes Buch geschrieben.&#8220; (Vampir989)<\/p>\n\n\n\n<p>&#8222;Sehr realistisch &#8230; Der Schreibstil ist fesselnd und authentisch. Spannend und mit vielen detaillierten Informationen liest sich die Geschichte sehr gut. Mit diesem Buch hat es der Autor C.D. Gerion geschafft, den Leser nachdenklich zur\u00fcckzulassen.&#8220; (Lesefreund)<\/p>\n\n\n\n<p><strong>Buchempfehlung Marc Niedermeier<\/strong> (<a href=\"http:\/\/www.awq.de\/2022\/08\">http:\/\/www.awq.de\/2022\/08<\/a>):<\/p>\n\n\n\n<p>&#8230; mit der Lekt\u00fcre ging es mir wie bei anderen B\u00fcchern des Autors vorher auch schon: Bereits nach wenigen Seiten hatte mich die spannende Story in ihren Bann gezogen. Die sehr authentisch geschilderte Flucht von Adib sowie die Darstellung der weiteren Ereignisse zeugen &#8211; wie bei C.D. Gerion gewohnt &#8211; von umfassendem Fachwissen und der F\u00e4higkeit des Autors, sich in seine Protagonisten hineinzudenken sowie die Gegebenheiten, diesmal in Afghanistan, glaubw\u00fcrdig und detailliert zu beschreiben. Dank der Erz\u00e4hlweise mit wechselnden Perspektiven bekommt man als Leser Einblicke sowohl in die Gef\u00fchlswelt von Adib, als auch in die seiner Pflegeeltern. Das alles tr\u00e4gt dazu bei, dass man das Buch kaum noch zur Seite legen mag, wenn man erstmal begonnen hat &#8230;<\/p>\n","protected":false},"excerpt":{"rendered":"<p>C.D. Gerion, Adib Roman 548 Seiten Verlag tredition, Hamburg 2021 ISBN: 978-3-347-39783-5 (Paperback), 16,99 EUR 978-3-347-39784-2 (Hardcover), 25,99 EUR 978-3-347-39785-9 (E-Book), 5,99 EUR Zu beziehen im tredition-Shop https:\/\/shop.tredition.com sowie im station\u00e4ren und Online-Buchhandel Der f\u00fcnfzehnj\u00e4hrige Adib aus Kabul, Afghanistan, auf die Stra\u00dfe gesetzt von der &hellip; <\/p>\n","protected":false},"author":1,"featured_media":0,"parent":0,"menu_order":0,"comment_status":"closed","ping_status":"closed","template":"","meta":{"footnotes":""},"class_list":["post-101","page","type-page","status-publish","hentry"],"_links":{"self":[{"href":"https:\/\/cdgerion.de\/index.php?rest_route=\/wp\/v2\/pages\/101","targetHints":{"allow":["GET"]}}],"collection":[{"href":"https:\/\/cdgerion.de\/index.php?rest_route=\/wp\/v2\/pages"}],"about":[{"href":"https:\/\/cdgerion.de\/index.php?rest_route=\/wp\/v2\/types\/page"}],"author":[{"embeddable":true,"href":"https:\/\/cdgerion.de\/index.php?rest_route=\/wp\/v2\/users\/1"}],"replies":[{"embeddable":true,"href":"https:\/\/cdgerion.de\/index.php?rest_route=%2Fwp%2Fv2%2Fcomments&post=101"}],"version-history":[{"count":30,"href":"https:\/\/cdgerion.de\/index.php?rest_route=\/wp\/v2\/pages\/101\/revisions"}],"predecessor-version":[{"id":452,"href":"https:\/\/cdgerion.de\/index.php?rest_route=\/wp\/v2\/pages\/101\/revisions\/452"}],"wp:attachment":[{"href":"https:\/\/cdgerion.de\/index.php?rest_route=%2Fwp%2Fv2%2Fmedia&parent=101"}],"curies":[{"name":"wp","href":"https:\/\/api.w.org\/{rel}","templated":true}]}}