{"id":113,"date":"2020-01-27T10:07:30","date_gmt":"2020-01-27T09:07:30","guid":{"rendered":"http:\/\/cdgerion.de\/?page_id=113"},"modified":"2020-02-02T10:46:06","modified_gmt":"2020-02-02T09:46:06","slug":"datenschutz-und-rechtliches","status":"publish","type":"page","link":"https:\/\/cdgerion.de\/?page_id=113","title":{"rendered":"Datenschutz und Rechtliches"},"content":{"rendered":"\n<p><strong>Haftungshinweis<\/strong>:<\/p>\n\n\n\n<p class=\"has-small-font-size\">F\u00fcr die Inhalte externer Links wird keine Haftung \u00fcbernommen. F\u00fcr den Inhalt der verlinkten Seiten sind ausschlie\u00dflich deren Betreiber verantwortlich.<\/p>\n\n\n\n<p><strong>Hinweise zum Datenschutz:<\/strong><\/p>\n\n\n\n<p class=\"has-small-font-size\">Personenbezogene Daten der Nutzer dieser Seiten werden vertraulich und entsprechend der gesetzlichen Datenschutzvorschriften sowie dieser Datenschutzerkl\u00e4rung behandelt. Soweit auf diesen Seiten personenbezogene Daten  (z.B. Name, E-mail-Adresse oder Anschrift) erhoben werden, erfolgt dies stets auf freiwilliger Basis. Diese Daten werden ohne ausdr\u00fcckliche Zustimmung der Nutzer nicht an Dritte weitergegeben.<\/p>\n\n\n\n<p class=\"has-small-font-size\">Ich weise darauf hin, dass die Daten\u00fcbertragung im Internet (z.B. bei Kommunikation per E-Mail) Sicherheitsl\u00fccken aufweisen kann. Ein l\u00fcckenloser Schutz der Daten vor dem Zugriff durch Dritte ist nicht m\u00f6glich.<\/p>\n\n\n\n<p><strong>Urheberrecht:<\/strong><\/p>\n\n\n\n<p class=\"has-small-font-size\">Die Inhalte und Werke auf diesen Seiten unterliegen dem deutschen Urheberrecht. Die Vervielf\u00e4ltigung, Bearbeitung, Verbreitung und jede Art der Verwertung au\u00dferhalb der Grenzen des Urheberrechts bed\u00fcrfen der schriftlichen Zustimmung des Autors bzw. Erstellers. Downloads und Kopien dieser Seiten sind nur f\u00fcr den privaten, nicht kommerziellen Gebrauch gestattet. Soweit die Inhalte auf dieser Seite nicht vom Betreiber erstellt wurden, werden die Urheberrechte Dritter beachtet. Insbesondere werden Inhalte Dritter als solche gekennzeichnet. Sollten Sie trotzdem auf Urheberrechtsverletzungen aufmerksam werden, bitte ich um einen entsprechenden Hinweis. Bei Bekanntwerden von Rechteverletzungen werde ich derartige Inhalte umgehend entfernen.<\/p>\n","protected":false},"excerpt":{"rendered":"<p>Haftungshinweis: F\u00fcr die Inhalte externer Links wird keine Haftung \u00fcbernommen. F\u00fcr den Inhalt der verlinkten Seiten sind ausschlie\u00dflich deren Betreiber verantwortlich. Hinweise zum Datenschutz: Personenbezogene Daten der Nutzer dieser Seiten werden vertraulich und entsprechend der gesetzlichen Datenschutzvorschriften sowie dieser Datenschutzerkl\u00e4rung behandelt. Soweit auf diesen Seiten &hellip; <\/p>\n","protected":false},"author":1,"featured_media":0,"parent":0,"menu_order":0,"comment_status":"closed","ping_status":"closed","template":"","meta":{"footnotes":""},"class_list":["post-113","page","type-page","status-publish","hentry"],"_links":{"self":[{"href":"https:\/\/cdgerion.de\/index.php?rest_route=\/wp\/v2\/pages\/113","targetHints":{"allow":["GET"]}}],"collection":[{"href":"https:\/\/cdgerion.de\/index.php?rest_route=\/wp\/v2\/pages"}],"about":[{"href":"https:\/\/cdgerion.de\/index.php?rest_route=\/wp\/v2\/types\/page"}],"author":[{"embeddable":true,"href":"https:\/\/cdgerion.de\/index.php?rest_route=\/wp\/v2\/users\/1"}],"replies":[{"embeddable":true,"href":"https:\/\/cdgerion.de\/index.php?rest_route=%2Fwp%2Fv2%2Fcomments&post=113"}],"version-history":[{"count":4,"href":"https:\/\/cdgerion.de\/index.php?rest_route=\/wp\/v2\/pages\/113\/revisions"}],"predecessor-version":[{"id":117,"href":"https:\/\/cdgerion.de\/index.php?rest_route=\/wp\/v2\/pages\/113\/revisions\/117"}],"wp:attachment":[{"href":"https:\/\/cdgerion.de\/index.php?rest_route=%2Fwp%2Fv2%2Fmedia&parent=113"}],"curies":[{"name":"wp","href":"https:\/\/api.w.org\/{rel}","templated":true}]}}