{"id":292,"date":"2022-02-12T11:26:23","date_gmt":"2022-02-12T10:26:23","guid":{"rendered":"https:\/\/cdgerion.de\/?page_id=292"},"modified":"2024-08-22T10:52:17","modified_gmt":"2024-08-22T08:52:17","slug":"die-verlorene-tochter","status":"publish","type":"page","link":"https:\/\/cdgerion.de\/?page_id=292","title":{"rendered":"Das Kloster der h\u00f6chsten Seligkeit"},"content":{"rendered":"\n<div class=\"wp-block-media-text alignwide\" style=\"grid-template-columns:15% auto\"><figure class=\"wp-block-media-text__media\"><img loading=\"lazy\" decoding=\"async\" width=\"388\" height=\"553\" src=\"https:\/\/cdgerion.de\/wp-content\/uploads\/2022\/02\/Webaufnahme_22-2-2022_161752_.jpeg\" alt=\"\" class=\"wp-image-374 size-full\" srcset=\"https:\/\/cdgerion.de\/wp-content\/uploads\/2022\/02\/Webaufnahme_22-2-2022_161752_.jpeg 388w, https:\/\/cdgerion.de\/wp-content\/uploads\/2022\/02\/Webaufnahme_22-2-2022_161752_-210x300.jpeg 210w\" sizes=\"auto, (max-width: 388px) 100vw, 388px\" \/><\/figure><div class=\"wp-block-media-text__content\">\n<p class=\"has-medium-font-size\">C.D. Gerion, Das Kloster der h\u00f6chsten Seligkeit<\/p>\n\n\n\n<p class=\"has-medium-font-size\">Roman<\/p>\n\n\n\n<p>244 Seiten<\/p>\n\n\n\n<p>Verlag tredition, Hamburg 2022<\/p>\n\n\n\n<p class=\"has-small-font-size\">ISBN:<\/p>\n\n\n\n<p class=\"has-small-font-size\">978-3-347-57259-1, Softcover, 12,90 EUR<\/p>\n\n\n\n<p class=\"has-small-font-size\">978-3-347-57260-7, Hardcover, 21,90 EUR<\/p>\n\n\n\n<p class=\"has-small-font-size\">978-3-347-57261-4, E-Book, 5,99 EUR<\/p>\n\n\n\n<p class=\"has-small-font-size\"><strong>Zu beziehen im tredition-Shop,  <a href=\"https:\/\/shop.tredition.com\" data-type=\"URL\" data-id=\"https:\/\/shop.tredition.com\">https:\/\/shop.tredition.com<\/a> sowie im station\u00e4ren und Online-Buchhandel<\/strong><\/p>\n<\/div><\/div>\n\n\n\n<p>Thomas und sein Sohn Daniel haben eine nostalgische Pilgerreise zu den 88 Tempeln von Shikoku (Japan) unternommen. Dabei ist es ihnen nach Jahren der Entfremdung gelungen, sich miteinander und mit ihrer tragischen Familiengeschichte auszus\u00f6hnen.<\/p>\n\n\n\n<p>Auf der R\u00fcckreise erreicht sie in Tokio der Hilferuf eines alten Freundes der Familie. Die Suche nach dessen verschollener Tochter wird f\u00fcr sie zu einer abenteuerlichen Reise, die sie bis in die hintersten Winkel Chinas und schlie\u00dflich bis nach Nepal f\u00fchrt. Dort offenbart sich ihnen ein seit Jahrzehnten geh\u00fctetes Geheimnis, das ihnen die Augen f\u00fcr die wahren Hintergr\u00fcnde ihrer tragischen Familiengeschichte \u00f6ffnet und das ihrer beider Leben f\u00fcr immer ver\u00e4ndern wird.<\/p>\n\n\n\n<p><\/p>\n\n\n\n<p><strong>Lesermeinungen<\/strong> (LovelyBooks)<\/p>\n\n\n\n<p>&#8222;Was f\u00fcr ein packendes Buch! Von mir eine absolute Leseempfehlung. Ein Muss f\u00fcr alle, die die Exotik Asiens lieben.&#8220; (Beate Freitag)<\/p>\n\n\n\n<p>&#8222;Das Buch liest sich sehr spannend, fast wie ein Krimi &#8230;&#8220; (Elisabeth Ullmann)<\/p>\n\n\n\n<p>&#8222;Ein tolles Buch, das sich super liest, viele Informationen \u00fcber Land und Leute &#8230; Sehr spannend und gef\u00fchlvoll die ganze Geschichte.&#8220; (Anja Koenig)<\/p>\n\n\n\n<p>&#8222;Die Protagonisten sind wunderbar beschrieben &#8230; ebenso die Handlungsorte und deren Umgebung &#8230; man hat das Gef\u00fchl man ist vor Ort.&#8220; (Babs007)<\/p>\n\n\n\n<p>&#8222;Eine wunderbare Reise durch Asien auf der Suche nach der vermissten Sophie. Die Handlungsorte, die Besonderheiten der fremden Kulturen, die Beschreibung der Landschaft vermittelt C.D. Gerion so plastisch, dass ich bald glaube direkt und hautnah dabei zu sein.&#8220; (Amazon-Kunde)<\/p>\n\n\n\n<p>&#8222;Eine Empfehlung f\u00fcr alle Asien-Fans (und solche, die es werden wollen)!&#8220; (Maya83, LovelyBooks)<\/p>\n\n\n\n<p>&#8222;Man sp\u00fcrt auf jeder Seite, dass hier einer erz\u00e4hlt, der aus eigener Anschauung genau wei\u00df, wovon er spricht &#8230; Wie C.D. Gerion das Ende der Geschichte gestaltet, zeigt seine ganze literarische Meisterschaft.&#8220; (Edgar Kollmar, Tiefenbronn)<\/p>\n","protected":false},"excerpt":{"rendered":"<p>C.D. Gerion, Das Kloster der h\u00f6chsten Seligkeit Roman 244 Seiten Verlag tredition, Hamburg 2022 ISBN: 978-3-347-57259-1, Softcover, 12,90 EUR 978-3-347-57260-7, Hardcover, 21,90 EUR 978-3-347-57261-4, E-Book, 5,99 EUR Zu beziehen im tredition-Shop, https:\/\/shop.tredition.com sowie im station\u00e4ren und Online-Buchhandel Thomas und sein Sohn Daniel haben eine nostalgische &hellip; <\/p>\n","protected":false},"author":1,"featured_media":0,"parent":0,"menu_order":0,"comment_status":"closed","ping_status":"closed","template":"","meta":{"footnotes":""},"class_list":["post-292","page","type-page","status-publish","hentry"],"_links":{"self":[{"href":"https:\/\/cdgerion.de\/index.php?rest_route=\/wp\/v2\/pages\/292","targetHints":{"allow":["GET"]}}],"collection":[{"href":"https:\/\/cdgerion.de\/index.php?rest_route=\/wp\/v2\/pages"}],"about":[{"href":"https:\/\/cdgerion.de\/index.php?rest_route=\/wp\/v2\/types\/page"}],"author":[{"embeddable":true,"href":"https:\/\/cdgerion.de\/index.php?rest_route=\/wp\/v2\/users\/1"}],"replies":[{"embeddable":true,"href":"https:\/\/cdgerion.de\/index.php?rest_route=%2Fwp%2Fv2%2Fcomments&post=292"}],"version-history":[{"count":18,"href":"https:\/\/cdgerion.de\/index.php?rest_route=\/wp\/v2\/pages\/292\/revisions"}],"predecessor-version":[{"id":476,"href":"https:\/\/cdgerion.de\/index.php?rest_route=\/wp\/v2\/pages\/292\/revisions\/476"}],"wp:attachment":[{"href":"https:\/\/cdgerion.de\/index.php?rest_route=%2Fwp%2Fv2%2Fmedia&parent=292"}],"curies":[{"name":"wp","href":"https:\/\/api.w.org\/{rel}","templated":true}]}}