{"id":35,"date":"2019-12-21T17:20:16","date_gmt":"2019-12-21T16:20:16","guid":{"rendered":"http:\/\/cdgerion.de\/?page_id=35"},"modified":"2025-06-12T10:29:29","modified_gmt":"2025-06-12T08:29:29","slug":"autor","status":"publish","type":"page","link":"https:\/\/cdgerion.de\/?page_id=35","title":{"rendered":"Autor"},"content":{"rendered":"<div class=\"wp-block-image\">\n<figure class=\"aligncenter size-large is-resized\"><img loading=\"lazy\" decoding=\"async\" width=\"709\" height=\"965\" src=\"https:\/\/cdgerion.de\/wp-content\/uploads\/2019\/12\/C.D.Gerion-Foto.jpg\" alt=\"Autor\" class=\"wp-image-15\" style=\"width:355px;height:483px\" srcset=\"https:\/\/cdgerion.de\/wp-content\/uploads\/2019\/12\/C.D.Gerion-Foto.jpg 709w, https:\/\/cdgerion.de\/wp-content\/uploads\/2019\/12\/C.D.Gerion-Foto-220x300.jpg 220w\" sizes=\"auto, (max-width: 709px) 100vw, 709px\" \/><\/figure>\n<\/div>\n\n\n<h2 class=\"wp-block-heading\" id=\"vita\">Vita<\/h2>\n\n\n\n<p>Geb. als Sohn eines protestantischen Pfarrers und einer lesedurstigen Mutter; Kindheit in der norddeutschen Provinz; High School-Abschluss als Austauschsch\u00fcler in den USA, Abitur in Deutschland; Studium der Volkswirtschaftslehre und Sinologie in Hamburg, Tokyo, Taipei und Hongkong; Promotion zum Dr. rer. Pol.<\/p>\n\n\n\n<p>Attach\u00e9-Ausbildung im Ausw\u00e4rtigen Amt und langj\u00e4hrige T\u00e4tigkeit im Diplomatischen Dienst, zuletzt neun Jahre als Leiter diverser deutscher Auslandsvertretungen; Einsatz vor allem in Ostasien: China insgesamt sechs Jahre, Japan zw\u00f6lf Jahre.<\/p>\n\n\n\n<p>Die Zeit und die Freiheit zum Schreiben habe ich erst ab 2016 gefunden &#8211; nach einem in jeder Hinsicht lehr- und erlebnisreichen Lebens- und Berufsweg, den ich mit einer gro\u00dfartigen Frau und zwei ebensolchen Kindern teilen durfte.<\/p>\n\n\n\n<p><\/p>\n\n\n\n<h2 class=\"wp-block-heading has-medium-font-size\" id=\"was-meine-leserinnen-und-leser-erwartet\" style=\"font-style:normal;font-weight:700\">Was meine Leserinnen und Leser erwartet: <\/h2>\n\n\n\n<p>B\u00fccher, aus denen ihnen der Wind der Welt um die Nase weht, nicht die staubige Luft des Elfenbeinturms, in denen der Atem der Geschichte zu sp\u00fcren ist, nicht das Hecheln des Zeitgeists. Welterfahrung, also, statt Innerlichkeit, eher Heine als H\u00f6lderlin, eher Graham Greene als G\u00fcnter Grass, statt Handke eher Houellebecq (nat\u00fcrlich ohne die Vermessenheit zu besitzen, mich mit diesen Gro\u00dfen messen zu wollen).<\/p>\n\n\n\n<p>Geschichten, in denen sich Spannung, Poesie und die befreiende Kraft des Humors mit ungew\u00f6hnlichen Einblicken und \u00fcberraschenden Erkenntnissen zu einem nachhallenden Leseerlebnis verbinden. <\/p>\n\n\n\n<p class=\"has-medium-font-size\"><strong>Und was nicht:<\/strong><\/p>\n\n\n\n<p>B\u00fccher und Geschichten, die sich in den engen Grenzen der g\u00e4ngigen Genres bewegen &#8211; f\u00fchrt doch der Zwang im heutigen Verlagsgesch\u00e4ft, jedes Buch in eines der Standard-Genreraster (Sachbuch, Krimi, Thriller, Liebesroman, Fantasy, Science Fiction oder gar sowas wie &#8218;New Adult&#8216;) zu pressen, zu einer Einengung der Kreativit\u00e4t des Autors und damit zu einer Verarmung der literarischen Vielfalt. Den f\u00fcr wirklich Originelles, Au\u00dfergew\u00f6hnliches und \u00dcberraschendes offenen Lesern bleibt damit so manches besondere Leseabenteuer vorenthalten. Nach eher entt\u00e4uschenden Erfahrungen mit einem Verlag habe ich mich daher bewusst f\u00fcr den Wechsel ins Selfpublishing entschieden. Nur in der Verlags- und Genrefreiheit des Selfpublishers war es mir m\u00f6glich, meinen Lesern erfolgreich u.a. einen humoristischen &#8218;Sachroman&#8216; im Gewand eines fiktiven Reiseabenteuers (&#8222;In die wilde Welt der Weltreligionen&#8220;), einen Vatikanthriller als authentische Reise um die halbe Welt (&#8222;Die Freisprechung&#8220;) oder eine hocherotische Dreiecksgeschichte mit Krimielementen (&#8222;Liebesirre&#8220;) zu bieten.<\/p>\n\n\n\n<p><strong>Kontakt<\/strong>: <\/p>\n\n\n\n<p>F\u00fcr Fragen oder Kommentare bin ich jederzeit erreichbar unter  <strong>c.d.gerion@outlook.de<\/strong><\/p>\n\n\n\n<p><\/p>\n\n\n\n<p class=\"has-large-font-size\">  <img loading=\"lazy\" decoding=\"async\" width=\"150\" height=\"150\" class=\"wp-image-427\" style=\"width: 150px;\" src=\"https:\/\/cdgerion.de\/wp-content\/uploads\/2024\/02\/Ich_bin_Mitglied_Button_neu.png\" alt=\"\" srcset=\"https:\/\/cdgerion.de\/wp-content\/uploads\/2024\/02\/Ich_bin_Mitglied_Button_neu.png 1333w, https:\/\/cdgerion.de\/wp-content\/uploads\/2024\/02\/Ich_bin_Mitglied_Button_neu-300x300.png 300w, https:\/\/cdgerion.de\/wp-content\/uploads\/2024\/02\/Ich_bin_Mitglied_Button_neu-1024x1024.png 1024w, https:\/\/cdgerion.de\/wp-content\/uploads\/2024\/02\/Ich_bin_Mitglied_Button_neu-150x150.png 150w, https:\/\/cdgerion.de\/wp-content\/uploads\/2024\/02\/Ich_bin_Mitglied_Button_neu-768x768.png 768w, https:\/\/cdgerion.de\/wp-content\/uploads\/2024\/02\/Ich_bin_Mitglied_Button_neu-70x70.png 70w\" sizes=\"auto, (max-width: 150px) 100vw, 150px\" \/> <img loading=\"lazy\" decoding=\"async\" width=\"150\" height=\"77\" class=\"wp-image-426\" style=\"width: 150px;\" src=\"https:\/\/cdgerion.de\/wp-content\/uploads\/2024\/02\/Online_Logo_SELFPUBLISHER_VERBAND-01.png\" alt=\"\" srcset=\"https:\/\/cdgerion.de\/wp-content\/uploads\/2024\/02\/Online_Logo_SELFPUBLISHER_VERBAND-01.png 1383w, https:\/\/cdgerion.de\/wp-content\/uploads\/2024\/02\/Online_Logo_SELFPUBLISHER_VERBAND-01-300x154.png 300w, https:\/\/cdgerion.de\/wp-content\/uploads\/2024\/02\/Online_Logo_SELFPUBLISHER_VERBAND-01-1024x526.png 1024w, https:\/\/cdgerion.de\/wp-content\/uploads\/2024\/02\/Online_Logo_SELFPUBLISHER_VERBAND-01-768x395.png 768w\" sizes=\"auto, (max-width: 150px) 100vw, 150px\" \/><\/p>\n\n\n\n<p><\/p>\n","protected":false},"excerpt":{"rendered":"<p>Vita Geb. als Sohn eines protestantischen Pfarrers und einer lesedurstigen Mutter; Kindheit in der norddeutschen Provinz; High School-Abschluss als Austauschsch\u00fcler in den USA, Abitur in Deutschland; Studium der Volkswirtschaftslehre und Sinologie in Hamburg, Tokyo, Taipei und Hongkong; Promotion zum Dr. rer. Pol. Attach\u00e9-Ausbildung im Ausw\u00e4rtigen &hellip; <\/p>\n","protected":false},"author":1,"featured_media":0,"parent":0,"menu_order":0,"comment_status":"closed","ping_status":"closed","template":"","meta":{"footnotes":""},"class_list":["post-35","page","type-page","status-publish","hentry"],"_links":{"self":[{"href":"https:\/\/cdgerion.de\/index.php?rest_route=\/wp\/v2\/pages\/35","targetHints":{"allow":["GET"]}}],"collection":[{"href":"https:\/\/cdgerion.de\/index.php?rest_route=\/wp\/v2\/pages"}],"about":[{"href":"https:\/\/cdgerion.de\/index.php?rest_route=\/wp\/v2\/types\/page"}],"author":[{"embeddable":true,"href":"https:\/\/cdgerion.de\/index.php?rest_route=\/wp\/v2\/users\/1"}],"replies":[{"embeddable":true,"href":"https:\/\/cdgerion.de\/index.php?rest_route=%2Fwp%2Fv2%2Fcomments&post=35"}],"version-history":[{"count":31,"href":"https:\/\/cdgerion.de\/index.php?rest_route=\/wp\/v2\/pages\/35\/revisions"}],"predecessor-version":[{"id":508,"href":"https:\/\/cdgerion.de\/index.php?rest_route=\/wp\/v2\/pages\/35\/revisions\/508"}],"wp:attachment":[{"href":"https:\/\/cdgerion.de\/index.php?rest_route=%2Fwp%2Fv2%2Fmedia&parent=35"}],"curies":[{"name":"wp","href":"https:\/\/api.w.org\/{rel}","templated":true}]}}