{"id":432,"date":"2024-02-10T11:18:16","date_gmt":"2024-02-10T10:18:16","guid":{"rendered":"https:\/\/cdgerion.de\/?page_id=432"},"modified":"2025-01-18T17:03:23","modified_gmt":"2025-01-18T16:03:23","slug":"liebesirre","status":"publish","type":"page","link":"https:\/\/cdgerion.de\/?page_id=432","title":{"rendered":"Liebesirre"},"content":{"rendered":"\n<p><strong>Liebesirre<\/strong><\/p>\n\n\n\n<div class=\"wp-block-media-text is-stacked-on-mobile\" style=\"grid-template-columns:22% auto\"><figure class=\"wp-block-media-text__media\"><img loading=\"lazy\" decoding=\"async\" width=\"559\" height=\"794\" src=\"https:\/\/cdgerion.de\/wp-content\/uploads\/2024\/02\/liebesirre-front_300-dpi-3.jpg\" alt=\"\" class=\"wp-image-443 size-full\" srcset=\"https:\/\/cdgerion.de\/wp-content\/uploads\/2024\/02\/liebesirre-front_300-dpi-3.jpg 559w, https:\/\/cdgerion.de\/wp-content\/uploads\/2024\/02\/liebesirre-front_300-dpi-3-211x300.jpg 211w\" sizes=\"auto, (max-width: 559px) 100vw, 559px\" \/><\/figure><div class=\"wp-block-media-text__content\">\n<p class=\"has-text-align-left\" style=\"font-size:20px\">C.D. Gerion, Liebesirre<\/p>\n\n\n\n<p style=\"font-size:20px\">Roman<\/p>\n\n\n\n<p style=\"font-size:20px\">355 Seiten<\/p>\n\n\n\n<p style=\"font-size:20px\">Verlag tredition, Hamburg im M\u00e4rz 2024<\/p>\n\n\n\n<p>ISBN: <\/p>\n\n\n\n<p>978-3-384-13263-5, Softcover, 15,30 EUR<\/p>\n\n\n\n<p>978-3-384-13264-2, Hardcover, 21,80 EUR<\/p>\n\n\n\n<p><\/p>\n\n\n\n<p><strong>Zu beziehen im tredition-Shop, <a href=\"https:\/\/shop.tredition.com\">https:\/\/shop.tredition.com<\/a> sowie im station\u00e4ren und Online-Buchhandel<\/strong><\/p>\n\n\n\n<p><\/p>\n<\/div><\/div>\n\n\n\n<p>Marie, engagierte Bew\u00e4hrungshelferin und mit dem katholischen Priester Markus liiert, verliebt sich Bauch \u00fcber Kopf auch noch in den frisch geschiedenen Autor Alex, der als Ghostwriter an den Bekenntnissen eines inhaftierten M\u00f6rders arbeitet. So beginnt der spannungsvolle Balanceakt einer leidenschaftlichen Liebe im Dreieck. Nach Monaten voller Liebesgl\u00fcck und scheinbarer Eintracht zwischen Maries beiden Liebhabern treten die Spannungen zwischen diesen jedoch immer st\u00e4rker zutage. Dazu muss Alex erkennen, dass er als Ghostwriter die ganze Zeit in die Irre gef\u00fchrt worden ist.<\/p>\n\n\n\n<p>In einem Urlaub zu dritt in Thailand gelingt es Marie zun\u00e4chst, das Liebesdreieck zu stabilisieren. Die drei erfahren sogar zuvor nicht gekannte H\u00f6hen des Liebesgl\u00fccks. Maries \u00fcbergro\u00dfe Erwartungen an die beiden M\u00e4nner und ihr verzweifelter Versuch, ein Geheimnis zu wahren, von dem diese keinesfalls erfahren sollen, lassen die Situation jedoch eskalieren . . .<\/p>\n\n\n\n<p>Ein so spannender wie vielschichtiger Roman, der keine Leserin, keinen Leser unber\u00fchrt lassen wird.<\/p>\n\n\n\n<p><strong>Lesermeinungen<\/strong> (LovelyBooks)<\/p>\n\n\n\n<p>&#8222;Insgesamt ist &#8222;Liebesirre&#8220; ein intensiver und nachdenklich stimmender Roman, der die Vielschichtigkeit menschlicher Beziehungen eindrucksvoll darstellt. F\u00fcr Leser, die komplexe Liebesgeschichten mit tiefgr\u00fcndigen Charakteren sch\u00e4tzen, ist dieses Werk eine klare Empfehlung.&#8220; (Hel_Thalia)<\/p>\n\n\n\n<p>Es ist mein erstes Buch des Autors, und er hat mich mit seinem klaren, ausdrucksstraken Schreibstil, der sich gut und fl\u00fcssig lesen l\u00e4sst, gleich beeindruckt. Ein lesenswerter Roman, der zum Nachdenken anregt.&#8220; (Lottewoess)<\/p>\n\n\n\n<p>&#8222;Die Mischung aus Erotik und Drama schafft eine packende Lekt\u00fcre, die den Leser bis zum Schluss fesselt.&#8220; (Irmgard)<\/p>\n\n\n\n<p>&#8222;Es ist mein erster Roman, den ich von C.D. Gerion gelesen habe, aber bestimmt nicht mein letzter.&#8220; (Moma 58)<\/p>\n\n\n\n<p><\/p>\n","protected":false},"excerpt":{"rendered":"<p>Liebesirre C.D. Gerion, Liebesirre Roman 355 Seiten Verlag tredition, Hamburg im M\u00e4rz 2024 ISBN: 978-3-384-13263-5, Softcover, 15,30 EUR 978-3-384-13264-2, Hardcover, 21,80 EUR Zu beziehen im tredition-Shop, https:\/\/shop.tredition.com sowie im station\u00e4ren und Online-Buchhandel Marie, engagierte Bew\u00e4hrungshelferin und mit dem katholischen Priester Markus liiert, verliebt sich Bauch &hellip; <\/p>\n","protected":false},"author":1,"featured_media":0,"parent":0,"menu_order":6,"comment_status":"closed","ping_status":"closed","template":"","meta":{"footnotes":""},"class_list":["post-432","page","type-page","status-publish","hentry"],"_links":{"self":[{"href":"https:\/\/cdgerion.de\/index.php?rest_route=\/wp\/v2\/pages\/432","targetHints":{"allow":["GET"]}}],"collection":[{"href":"https:\/\/cdgerion.de\/index.php?rest_route=\/wp\/v2\/pages"}],"about":[{"href":"https:\/\/cdgerion.de\/index.php?rest_route=\/wp\/v2\/types\/page"}],"author":[{"embeddable":true,"href":"https:\/\/cdgerion.de\/index.php?rest_route=\/wp\/v2\/users\/1"}],"replies":[{"embeddable":true,"href":"https:\/\/cdgerion.de\/index.php?rest_route=%2Fwp%2Fv2%2Fcomments&post=432"}],"version-history":[{"count":11,"href":"https:\/\/cdgerion.de\/index.php?rest_route=\/wp\/v2\/pages\/432\/revisions"}],"predecessor-version":[{"id":479,"href":"https:\/\/cdgerion.de\/index.php?rest_route=\/wp\/v2\/pages\/432\/revisions\/479"}],"wp:attachment":[{"href":"https:\/\/cdgerion.de\/index.php?rest_route=%2Fwp%2Fv2%2Fmedia&parent=432"}],"curies":[{"name":"wp","href":"https:\/\/api.w.org\/{rel}","templated":true}]}}