{"id":73,"date":"2020-01-26T21:15:32","date_gmt":"2020-01-26T20:15:32","guid":{"rendered":"http:\/\/cdgerion.de\/?page_id=73"},"modified":"2024-02-10T15:23:05","modified_gmt":"2024-02-10T14:23:05","slug":"in-die-wilde-welt-der-weltreligionen-ein-expeditionsbericht","status":"publish","type":"page","link":"https:\/\/cdgerion.de\/?page_id=73","title":{"rendered":"In die wilde Welt der Weltreligionen"},"content":{"rendered":"\n<div class=\"wp-block-media-text alignwide\" style=\"grid-template-columns:15% auto\"><figure class=\"wp-block-media-text__media\"><img loading=\"lazy\" decoding=\"async\" width=\"722\" height=\"1024\" src=\"https:\/\/cdgerion.de\/wp-content\/uploads\/2021\/12\/Cover-wilde-Welt-750-KB-1-722x1024.jpg\" alt=\"\" class=\"wp-image-246 size-large\" srcset=\"https:\/\/cdgerion.de\/wp-content\/uploads\/2021\/12\/Cover-wilde-Welt-750-KB-1-722x1024.jpg 722w, https:\/\/cdgerion.de\/wp-content\/uploads\/2021\/12\/Cover-wilde-Welt-750-KB-1-211x300.jpg 211w, https:\/\/cdgerion.de\/wp-content\/uploads\/2021\/12\/Cover-wilde-Welt-750-KB-1-768x1090.jpg 768w, https:\/\/cdgerion.de\/wp-content\/uploads\/2021\/12\/Cover-wilde-Welt-750-KB-1-1083x1536.jpg 1083w, https:\/\/cdgerion.de\/wp-content\/uploads\/2021\/12\/Cover-wilde-Welt-750-KB-1-1444x2048.jpg 1444w, https:\/\/cdgerion.de\/wp-content\/uploads\/2021\/12\/Cover-wilde-Welt-750-KB-1.jpg 1748w\" sizes=\"auto, (max-width: 722px) 100vw, 722px\" \/><\/figure><div class=\"wp-block-media-text__content\">\n<p class=\"has-medium-font-size\">C.D.Gerion, In die wilde Welt der Weltreligionen &#8211; Ein Expeditionsbericht<\/p>\n\n\n\n<p class=\"has-normal-font-size\">310 Seiten<\/p>\n\n\n\n<p class=\"has-normal-font-size\"> BoD, Norderstedt 2021<\/p>\n\n\n\n<p class=\"has-small-font-size\">Vollst\u00e4ndig \u00fcberarbeitete Neuauflage des 2020 im NIBE-Verlag Alsdorf erschienenen Buches gleichen Titels<\/p>\n\n\n\n<p class=\"has-small-font-size\">ISBN 978-3-7557-5529-6, Softcover 11,95 EUR \/ E-Book 7,99 EUR<\/p>\n\n\n\n<p class=\"has-small-font-size\">ISBN 978-3-7557-2802-3, Hardcover 21,90 EUR<\/p>\n\n\n\n<p class=\"has-small-font-size\"><strong>Zu beziehen im BoD Buchshop, <a href=\"https:\/\/www.bod.de\/buchshop\/\">https:\/\/www.bod.de\/buchshop\/<\/a> sowie im station\u00e4ren und Online-Buchhandel<\/strong><\/p>\n<\/div><\/div>\n\n\n\n<p><\/p>\n\n\n\n<p>In einer Zeit, in der das Erbe der Aufkl\u00e4rung von vielen Seiten bedroht ist, ist dieses Buch notwendiger denn je, bietet es doch einen vollkommen frischen Blick auf die virtuellen Welten, die das aller\u00e4lteste Gewerbe der Welt, die Religionsstifterbranche, hervorgebracht hat.<\/p>\n\n\n\n<p>Dieses Buch nimmt die Leser mit auf eine abenteuerliche Expedition in die imposante Bergwelt der Weltreligionen, von deren gesch\u00e4ftigen Basecamps bis in die eisigen H\u00f6hen letzter Erkenntnis und dar\u00fcber hinaus. Es l\u00e4sst ihn dann aber nicht allein in der leeren W\u00fcste einer nachreligi\u00f6sen Welt, denn nach den Religionen ist vor der Religion. So bietet das Buch den Lesern auch klare Leitlinien f\u00fcr ihre pers\u00f6nliche Suche nach Wahrheit und Sinn, die garantieren, dass sie sich auf diesem Weg nie wieder irgendeinen Unsinn aufschwatzen lassen.<\/p>\n\n\n\n<p>Mit anderen Worten: Dieses ultimative Werk der Aufkl\u00e4rung muss man gelesen haben, auch auf das Risiko hin, dass vom eigenen Weltbild kein Stein auf dem anderen bleibt. Daf\u00fcr wird man aber reichlich entsch\u00e4digt: Mit einer F\u00fclle \u00fcberraschender Erkenntnisse, atemloser Spannung und jeder Menge Spa\u00df.<\/p>\n\n\n\n<p><strong>Rezensionen<\/strong><\/p>\n\n\n\n<p>Der renommierte Sach- und Fachbuchautor Uwe Lehnert (&#8222;Warum ich kein Christ sein will&#8220;) \u00fcber dieses Buch: &#8220;         Das Besondere an diesem Buch ist, dass der Autor alle gro\u00dfen Weltreligionen gleichzeitig ins Visier nimmt &#8230; eine am\u00fcsante, dabei aber dennoch &#8230; sehr substantielle und informative Religionskritik &#8230; Das vorliegende Buch leistet eine vergleichende und zusammenfassende, dabei informativ kritische Sicht auf die gro\u00dfen Religionen &#8230; Was aber die Lekt\u00fcre \u00fcber den intellektuellen Gewinn hinaus zu einem Lesevergn\u00fcgen macht, ist die launige, humorvolle, mitunter ins Kabarettistische gesteigerte Art der Betrachtungen und Beschreibungen &#8230; Das zusammenfassende Urteil \u00fcber dieses religionskritische Buch der so ganz anderen Art lautet ohne z\u00f6gern: Uneingeschr\u00e4nkt lesenswert! (hdp &#8211; Humanistischer Pressedienst, 15.07.2020)<\/p>\n\n\n\n<p>Marc Niedermeier in seinem AWQ-Buchtipp (<a href=\"https:\/\/www.awq.de\">https:\/\/www.awq.de<\/a>) als &#8218;Buchtipp des Jahres&#8216;:  &#8222;Ich kann mich nicht erinnern, schon mal ein \u00e4hnlich unterhaltsames, kurzweiliges und in sich stimmiges religionskritisches Buch gelesen zu haben. Die gelungene Mischung aus passender Rahmenhandlung, einer den religi\u00f6sen Absurdit\u00e4ten gerecht werdenden Ironie und besonders auch der parallelen Betrachtung von Christentum, Islam und Buddhismus macht &#8222;In die wilde Welt der Weltreligionen&#8220; zu einem besonderen Lesevergn\u00fcgen. Einziger Nachteil: Das Buch liest sich so spannend und unterhaltsam, dass man es recht schnell (am St\u00fcck) ausgelesen hat &#8230; Mein Fazit: Unbedingt lesen!<\/p>\n","protected":false},"excerpt":{"rendered":"<p>C.D.Gerion, In die wilde Welt der Weltreligionen &#8211; Ein Expeditionsbericht 310 Seiten BoD, Norderstedt 2021 Vollst\u00e4ndig \u00fcberarbeitete Neuauflage des 2020 im NIBE-Verlag Alsdorf erschienenen Buches gleichen Titels ISBN 978-3-7557-5529-6, Softcover 11,95 EUR \/ E-Book 7,99 EUR ISBN 978-3-7557-2802-3, Hardcover 21,90 EUR Zu beziehen im BoD &hellip; <\/p>\n","protected":false},"author":1,"featured_media":0,"parent":0,"menu_order":0,"comment_status":"closed","ping_status":"closed","template":"","meta":{"footnotes":""},"class_list":["post-73","page","type-page","status-publish","hentry"],"_links":{"self":[{"href":"https:\/\/cdgerion.de\/index.php?rest_route=\/wp\/v2\/pages\/73","targetHints":{"allow":["GET"]}}],"collection":[{"href":"https:\/\/cdgerion.de\/index.php?rest_route=\/wp\/v2\/pages"}],"about":[{"href":"https:\/\/cdgerion.de\/index.php?rest_route=\/wp\/v2\/types\/page"}],"author":[{"embeddable":true,"href":"https:\/\/cdgerion.de\/index.php?rest_route=\/wp\/v2\/users\/1"}],"replies":[{"embeddable":true,"href":"https:\/\/cdgerion.de\/index.php?rest_route=%2Fwp%2Fv2%2Fcomments&post=73"}],"version-history":[{"count":24,"href":"https:\/\/cdgerion.de\/index.php?rest_route=\/wp\/v2\/pages\/73\/revisions"}],"predecessor-version":[{"id":449,"href":"https:\/\/cdgerion.de\/index.php?rest_route=\/wp\/v2\/pages\/73\/revisions\/449"}],"wp:attachment":[{"href":"https:\/\/cdgerion.de\/index.php?rest_route=%2Fwp%2Fv2%2Fmedia&parent=73"}],"curies":[{"name":"wp","href":"https:\/\/api.w.org\/{rel}","templated":true}]}}